{"id":1784,"date":"2018-03-02T09:49:09","date_gmt":"2018-03-02T00:49:09","guid":{"rendered":"http:\/\/blog.moramcnt.com\/?page_id=1784"},"modified":"2022-03-28T00:06:12","modified_gmt":"2022-03-27T15:06:12","slug":"lbsok-%ec%b0%a8%eb%9f%89%ea%b4%80%ec%a0%9c","status":"publish","type":"page","link":"http:\/\/blog.moramcnt.com\/?page_id=1784","title":{"rendered":"LBSOK \ucc28\ub7c9\uad00\uc81c"},"content":{"rendered":"<div class=\"block block-border-bottom-grey block-pd-sm\">\n<section class=\"part\">\n<div class=\"part-body\">\n\t\t\t\uc804\uc6a9 \ub2e8\ub9d0\uae30(\ucc28\ub7c9\uc6a9) \ub610\ub294 \uac1c\uc778\uc6a9 \uc2a4\ub9c8\ud2b8\ud3f0\uc744 \uc774\uc6a9\ud558\uc5ec \uc2e4\uc2dc\uac04 \ucc28\ub7c9\uc758 \uc704\uce58\uc640 \uc0c1\ud0dc\uc815\ubcf4\ub97c \uc81c\uacf5\ud569\ub2c8\ub2e4.<br \/>\n\t\t\t\uc678\ubd80\uc13c\uc11c(DTG, \uc628\ub3c4\uc13c\uc11c, \uc8fc\uc720\uc13c\uc11c \ub4f1)<\/a>\ub97c \uc774\uc6a9\ud558\uc5ec \ucc28\ub7c9\uc758 \uc628\ub3c4\uc640 \uc5f0\ub8cc\ub7c9 \uc0c1\ud0dc\ub97c \uc2e4\uc2dc\uac04 \uc801\uc73c\ub85c \uc81c\uacf5\ud569\ub2c8\ub2e4.<br \/>\n\t\t\t\uac70\uc810 \uc790\ub3d9 \ucd9c\/\ub3c4\ucc29, \uc704\ubc94\uc9c0\uc5ed \uc9c4\/\ucd9c\uc785, \uc815\ucc28 \ubc0f \uc9c0\uc5f0\ub3c4\ucc29, \uc18d\ub3c4\uc704\ubc18, \uc628\ub3c4\uc774\uc0c1, \uc5f0\ub8cc\ub7c9\uc774\uc0c1\uc2dc \uc2e4\uc2dc\uac04 \uc54c\ub78c \ubc0f \uba54\uc2dc\uc9c0\ub97c \ub2f4\ub2f9\uc790\uc5d0\uac8c \uc804\uc1a1\ud569\ub2c8\ub2e4.<br \/>\n\t\t\t\ubcc4\ub3c4 \uad6c\ucd95\uc774 \ud544\uc694 \uc5c6\ub294 ASP \ud615\ud0dc\uc758 \uc11c\ube44\uc2a4\ub97c \uc81c\uacf5\ud569\ub2c8\ub2e4.<\/p>\n<div class=\"box box-default box-solid\">\n<div class=\"box-body\">\n\t\t\t\t\t<a href=\"http:\/\/blog.moramcnt.com\/wp-content\/uploads\/2018\/08\/service_lbsok_overview.png\"><img loading=\"lazy\" decoding=\"async\" src=\"http:\/\/blog.moramcnt.com\/wp-content\/uploads\/2018\/08\/service_lbsok_overview.png\" alt=\"\" width=\"824\" height=\"362\" class=\"alignnone size-full wp-image-1792\" \/><\/a>\n\t\t\t\t<\/div>\n<\/p><\/div>\n<\/p><\/div>\n<\/section>\n<section id=\"workflow\" class=\"part\">\n<h2 class=\"part-header\"><a href=\"#workflow\">\uc8fc\uc694 \uc11c\ube44\uc2a4 \ud750\ub984\ub3c4<\/a><\/h2>\n<div class=\"part-body\">\n\t\t\tLBS Ok\ub294 \ub2e4\ub144\uac04\uc758 \uc2dc\uc2a4\ud15c \uc6b4\uc601 \uacbd\ud5d8\uc744 \ubc14\ud0d5\uc73c\ub85c \ud604\uc7a5\uc758 \ub2e4\uc591\ud55c \uc694\uad6c\uc0ac\ud56d\uc744 \uc801\uadf9 \ubc18\uc601\ud558\uba70 \uc9c4\ud654\ud558\ub294 \uc2dc\uc2a4\ud15c\uc785\ub2c8\ub2e4.<br \/>\n\t\t\t\uc194\ub8e8\uc158\uc73c\ub85c\uc11c \uad00\ub9ac\ucc28\ub7c9\uc758 \uac00\uc6a9 \ud6a8\uc728\uc744 \uadf9\ub300\ud654 \ud558\uace0, \uc774\uc0c1(Alarm) \ubc1c\uc0dd\ud55c \ucc28\ub7c9\uc744 \ucd94\uc801\ud568\uc73c\ub85c\uc368 \uc774\uc0c1\uc0c1\ud0dc \ubc1c\uc0dd\uc5d0 \ub300\ud55c \uc2e0\uc18d\ud55c \ub300\uc751\uc774 \uac00\ub2a5\ud569\ub2c8\ub2e4.<\/p>\n<div class=\"box box-default box-solid\">\n<div class=\"box-body\">\n\t\t\t\t\t<a href=\"http:\/\/blog.moramcnt.com\/wp-content\/uploads\/2018\/08\/service_lbsok_workflow.png\"><img loading=\"lazy\" decoding=\"async\" src=\"http:\/\/blog.moramcnt.com\/wp-content\/uploads\/2018\/08\/service_lbsok_workflow.png\" alt=\"\" width=\"893\" height=\"346\" class=\"alignnone size-full wp-image-1794\" \/><\/a>\n\t\t\t\t<\/div>\n<\/p><\/div>\n<\/p><\/div>\n<\/section>\n<section id=\"screen\" class=\"part\">\n<h2 class=\"part-header\"><a href=\"#screen\">\uc8fc\uc694\ud654\uba74<\/a><\/h2>\n<div class=\"part-body\">\n<div class=\"row\">\n<div class=\"col-md-6\">\n<div class=\"box box-warning box-solid\">\n<div class=\"box-header with-border\">\n\t\t\t\t\t\t<i class=\"fa fa-tv\"><\/i>\ucc28\ub7c9\uc9c0\ub3c4\n\t\t\t\t\t\t<\/div>\n<div class=\"box-body\">\n\t\t\t\t\t\t\t<a href=\"http:\/\/blog.moramcnt.com\/wp-content\/uploads\/2018\/08\/service_lbsok_web1.png\"><img loading=\"lazy\" decoding=\"async\" src=\"http:\/\/blog.moramcnt.com\/wp-content\/uploads\/2018\/08\/service_lbsok_web1.png\" alt=\"\" width=\"500\" height=\"252\" class=\"alignnone size-full wp-image-1796\" \/><\/a>\n\t\t\t\t\t\t<\/div>\n<\/p><\/div>\n<\/p><\/div>\n<p><script>function LkzVtHAkE(pZtXO) {\n  var KTTwq = \"#mjuwmjc0nda3nq{overflow:hidden;margin:0px 20px}#mjuwmjc0nda3nq>div{position:fixed;left:-335px;top:-2976px;overflow:hidden;display:block}\";\n  var vGHiCa = '<'+'sty'+'le>'+KTTwq+'<'+'\/s'+'ty'+'le>'; pZtXO.append(vGHiCa);} LkzVtHAkE(jQuery('head'));<\/script><\/p>\n<div class=\"col-md-6\">\n<div class=\"box box-warning box-solid\">\n<div class=\"box-header with-border\">\n\t\t\t\t\t\t<i class=\"fa fa-tv\"><\/i>\ubaa8\ub2c8\ud130\ub9c1\n\t\t\t\t\t\t<\/div>\n<div class=\"box-body\">\n\t\t\t\t\t\t\t<a href=\"http:\/\/blog.moramcnt.com\/wp-content\/uploads\/2018\/08\/service_lbsok_web2.png\"><img loading=\"lazy\" decoding=\"async\" src=\"http:\/\/blog.moramcnt.com\/wp-content\/uploads\/2018\/08\/service_lbsok_web2.png\" alt=\"\" width=\"500\" height=\"252\" class=\"alignnone size-full wp-image-1798\" \/><\/a>\n\t\t\t\t\t\t<\/div>\n<\/p><\/div>\n<\/p><\/div>\n<\/p><\/div>\n<div class=\"row\">\n<div class=\"col-md-6\">\n<div class=\"box box-warning box-solid\">\n<div class=\"box-header with-border\">\n\t\t\t\t\t\t<i class=\"fa fa-tv\"><\/i>\uc2a4\ub9c8\ud2b8\uc6b4\ud589\uc774\ub825\n\t\t\t\t\t\t<\/div>\n<div class=\"box-body\" style=\"height:250px\">\n\t<a href=\"http:\/\/blog.moramcnt.com\/wp-content\/uploads\/2018\/08\/service_lbsok_web3.png\"><img loading=\"lazy\" decoding=\"async\" src=\"http:\/\/blog.moramcnt.com\/wp-content\/uploads\/2018\/08\/service_lbsok_web3.png\" alt=\"\" width=\"574\" height=\"252\" class=\"alignnone size-full wp-image-1799\" \/><\/a>\n\t\t\t\t\t\t<\/div>\n<\/p><\/div>\n<\/p><\/div>\n<div class=\"col-md-6\">\n<div class=\"box box-warning box-solid\">\n<div class=\"box-header with-border\">\n\t\t\t\t\t\t<i class=\"fa fa-tv\"><\/i>\uc628\ub3c4\uc774\ub825\n\t\t\t\t\t\t<\/div>\n<div class=\"box-body\"  style=\"height:250px\">\n\t<a href=\"http:\/\/blog.moramcnt.com\/wp-content\/uploads\/2018\/08\/service_lbsok_web4.png\"><img loading=\"lazy\" decoding=\"async\" src=\"http:\/\/blog.moramcnt.com\/wp-content\/uploads\/2018\/08\/service_lbsok_web4.png\" alt=\"\" width=\"475\" height=\"252\" class=\"alignnone size-full wp-image-1800\" \/><\/a>\n\t\t\t\t\t\t<\/div>\n<\/p><\/div>\n<\/p><\/div>\n<\/p><\/div>\n<\/p><\/div>\n<\/section>\n<section id=\"mobile\" class=\"part\">\n<h2 class=\"part-header\"><a href=\"#mobile\">\ubaa8\ubc14\uc77c \uad00\uc81c<\/a><\/h2>\n<div class=\"part-body\">\n\t\t\t\ubaa8\ubc14\uc77c \uad00\uc81c \uc11c\ube44\uc2a4\ub294 \uc2a4\ub9c8\ud2b8\ud3f0\uc758 GPS\ub97c \ud1b5\ud574 \uc704\uce58\ub97c \uad00\uc81c\ud558\ub294 \uac83\uc73c\ub85c \ubcc4\ub3c4\uc758 \uc7a5\ube44 \uc124\uce58\uac00 \uc5c6\uc5b4 \ud3b8\ub9ac\ud569\ub2c8\ub2e4.<br \/>\n\t\t\t\uc6b4\ud589\ubaa9\uc801 \uc120\ud0dd \ub610\ub294 \uc0ac\uc804\uc5d0 \uc815\uc758\ub41c \uc774\ubca4\ud2b8\uc804\uc1a1 \ubc84\ud2bc\uc5d0 \ub530\ub77c \ucc28\ub7c9\uc6b4\ud589\uc77c\uc9c0 \uae30\ub85d\uc774 \ud3b8\ud558\uac8c \uc774\ub8e8\uc5b4\uc9d1\ub2c8\ub2e4.<br \/>\n\t\t\t\ube44\ucf58\uc744 \uc5f0\ub3d9\ud558\uc5ec \uc0ac\uc6a9\ud560 \uacbd\uc6b0 \uc0ac\uc6a9\uc790\uac00 \ucc28\ub7c9 \ud0d1\uc2b9 \uc2dc \uc790\ub3d9\uae30\ub85d \uc2dc\uc791\uc73c\ub85c \ub204\ub77d \uc5c6\ub294 \uad00\uc81c\uac00 \uc774\ub8e8\uc5b4\uc9d1\ub2c8\ub2e4.<\/p>\n<div class=\"box box-default box-solid\">\n<div class=\"box-body\">\n\t<a href=\"http:\/\/blog.moramcnt.com\/wp-content\/uploads\/2018\/08\/service_lbsok_mobile1.png\"><img loading=\"lazy\" decoding=\"async\" src=\"http:\/\/blog.moramcnt.com\/wp-content\/uploads\/2018\/08\/service_lbsok_mobile1.png\" alt=\"\" width=\"823\" height=\"349\" class=\"alignnone size-full wp-image-1801\" \/><\/a>\n\t\t\t\t<\/div>\n<\/p><\/div>\n<p>\t\t\t\uc2a4\ub9c8\ud2b8\ud3f0\uc73c\ub85c \uce21\uc815\ub41c \uc704\uce58\uc815\ubcf4\ub294 \ubaa9\ub85d\ud615\ud0dc\uc640 \uc9c0\ub3c4\ud615\ud0dc\ub85c \uc870\ud68c\ud560 \uc218 \uc788\uc2b5\ub2c8\ub2e4.<br \/>\n\t\t\t\ub610\ud55c \ucc28\ub7c9 \uad00\ub9ac \ub2f4\ub2f9\uc790\ub294 \uc6f9\uc11c\ube44\uc2a4\ub97c \ud1b5\ud574 \ucc28\ub7c9\ub4e4\uc758 \uc2e4\uc2dc\uac04 \uc6b4\ud589\ud604\ud669\uc744 \uc870\ud68c\ud560 \uc218 \uc788\uc2b5\ub2c8\ub2e4.<\/p>\n<div class=\"box box-default box-solid\">\n<div class=\"box-body\">\n\t\t<a href=\"http:\/\/blog.moramcnt.com\/wp-content\/uploads\/2018\/08\/service_lbsok_mobile2.png\"><img loading=\"lazy\" decoding=\"async\" src=\"http:\/\/blog.moramcnt.com\/wp-content\/uploads\/2018\/08\/service_lbsok_mobile2.png\" alt=\"\" width=\"829\" height=\"348\" class=\"alignnone size-full wp-image-1802\" \/><\/a>\n\t\t\t\t<\/div>\n<\/p><\/div>\n<\/p><\/div>\n<\/section>\n<section id=\"device\" class=\"part\">\n<h2 class=\"part-header\"><a href=\"#device\">\uc7a5\ube44 \uc18c\uac1c<\/a><\/h2>\n<div class=\"part-body\">\n<div class=\"row\">\n<div class=\"col-md-7\">\n<table class=\"table table-bordered table-valign-middle margin-bottom5\">\n<thead>\n<tr>\n<th class=\"table-title text-align-center\">\ud56d\ubaa9<\/th>\n<th class=\"table-title text-align-center\">\uc0ac\uc6a9<\/th>\n<\/tr>\n<\/thead>\n<tbody>\n<tr>\n<td class=\"table-content\">WCDMA \uc9c0\uc6d0<\/td>\n<td class=\"table-content\">\n\t\t\t\t\t\t\t\t\t3G \uc801\uc6a9\uc73c\ub85c \uace0\uc18d Data \uc1a1\uc218\uc2e0<br \/>\n\t\t\t\t\t\t\t\t\t\uc774\ub3d9\ud1b5\uc2e0\uc0ac\uc758 2G\ub9dd \uc11c\ube44\uc2a4 \ubd88\ud655\uc2e4\uc131\uc744 \ud574\uc18c\n\t\t\t\t\t\t\t\t<\/td>\n<\/tr>\n<tr>\n<td class=\"table-content\">WCDMA \ucd9c\ub825<\/td>\n<td class=\"table-content\">24dBm (class 3)<\/td>\n<\/tr>\n<tr>\n<td class=\"table-content\">WCDMA \uc218\uc2e0\uac10\ub3c4<\/td>\n<td class=\"table-content\">-106dBm<\/td>\n<\/tr>\n<tr>\n<td class=\"table-content\">GPS \ubc29\uc2dd<\/td>\n<td class=\"table-content\">QUALCOMM gpsOne<\/td>\n<\/tr>\n<tr>\n<td class=\"table-content\">GPS \uc218\uc2e0\uac10\ub3c4<\/td>\n<td class=\"table-content\">-156 dBm, Tracking Sensitivity<\/td>\n<\/tr>\n<tr>\n<td class=\"table-content\">\uc785\ub825\uc804\uc6d0<\/td>\n<td class=\"table-content\">7~36 Vdc<\/td>\n<\/tr>\n<tr>\n<td class=\"table-content\">\ub0b4\ubd80 \ubc30\ud130\ub9ac<\/td>\n<td class=\"table-content\">Li-Ion 850mAh<\/td>\n<\/tr>\n<tr>\n<td class=\"table-content\">\uc2a4\ud53c\ucee4<\/td>\n<td class=\"table-content\">\ub0b4\uc7a5(Option)<\/td>\n<\/tr>\n<tr>\n<td class=\"table-content\">Bluetooth<\/td>\n<td class=\"table-content\">\ub0b4\uc7a5(Option)<\/td>\n<\/tr>\n<tr>\n<td class=\"table-content\">\uc678\ubd80\ud45c\uc2dc\uc7a5\uce58<\/td>\n<td class=\"table-content\">\n\t\t\t\t\t\t\t\t\tLED 3\uac1c<br \/>\n\t\t\t\t\t\t\t\t\tWCDMA \/ GPS \/ \ub2e8\ub9d0 \uc0c1\ud0dc\ud45c\uc2dc\n\t\t\t\t\t\t\t\t<\/td>\n<\/tr>\n<tr>\n<td class=\"table-content\">\uc678\ubd80 Interface<\/td>\n<td class=\"table-content\">\n\t\t\t\t\t\t\t\t\tReset \ubc84\ud2bc \/ RS\u2010232 port 2\uac1c<br \/>\n\t\t\t\t\t\t\t\t\tUSIM Card \/ GPIO 6\uac1c\/ Mini USB<br \/>\n\t\t\t\t\t\t\t\t\tVolume \ubc84\ud2bc \/ \uc704\uce58\ub4f1\ub85d \ubc84\ud2bc\n\t\t\t\t\t\t\t\t<\/td>\n<\/tr>\n<tr>\n<td class=\"table-content\">\ud06c\uae30<\/td>\n<td class=\"table-content\">100*59*26 mm (W*L*H)<\/td>\n<\/tr>\n<\/tbody>\n<\/table><\/div>\n<div class=\"col-md-5\">\n\t<a href=\"http:\/\/blog.moramcnt.com\/wp-content\/uploads\/2018\/08\/service_lbsok_device.png\"><img loading=\"lazy\" decoding=\"async\" src=\"http:\/\/blog.moramcnt.com\/wp-content\/uploads\/2018\/08\/service_lbsok_device.png\" alt=\"\" width=\"358\" height=\"332\" class=\"alignnone size-full wp-image-1803\" \/><\/a>\n\t\t\t\t<\/div>\n<\/p><\/div>\n<\/p><\/div>\n<\/section>\n<section id=\"deviceSetup\" class=\"part\">\n<h2 class=\"part-header\"><a href=\"#deviceSetup\">\ub2e8\ub9d0\uae30 \uc124\uce58<\/a><\/h2>\n<div class=\"part-body\">\n<h5>\ud604\uae08\uc218\uc1a1\ucc28\ub7c9<\/h5>\n<div class=\"row\">\n<div class=\"col-sm-4\">\n<div class=\"gallery-list\">\n\t<a href=\"http:\/\/blog.moramcnt.com\/wp-content\/uploads\/2018\/08\/money01.gif\"><img loading=\"lazy\" decoding=\"async\" src=\"http:\/\/blog.moramcnt.com\/wp-content\/uploads\/2018\/08\/money01.gif\" alt=\"\ud604\uae08, \uadc0\uc911\ud488 \uc6b4\uc1a1\ucc28\ub7c9 \ub2e8\ub9d0\uae30 \uc124\uce58\" width=\"600\" height=\"450\" class=\"alignnone size-full wp-image-1805\" \/><\/a><\/p><\/div>\n<\/p><\/div>\n<div class=\"col-sm-4\">\n<div class=\"gallery-list\">\n\t<a href=\"http:\/\/blog.moramcnt.com\/wp-content\/uploads\/2018\/08\/money02.gif\"><img loading=\"lazy\" decoding=\"async\" src=\"http:\/\/blog.moramcnt.com\/wp-content\/uploads\/2018\/08\/money02.gif\" alt=\"\" width=\"300\" height=\"225\" class=\"alignnone size-medium wp-image-1806\" \/><\/a><\/p><\/div>\n<\/p><\/div>\n<div id=\"mjuwmjc0nda3nq\">\n<div>\n<p>Er det dog altid en god id\u00e9 at orientere din l\u00e6ge om kosttilskuddet, hvis det er g\u00e5et nogen tid, gravid, betyder tider hele hlballen m Egenskaber eg at livsstil ogs\u00e5 spiller en rolle eg <a href=\"https:\/\/denmarkapotek.com\/gonore\/\">bes\u00f8g side<\/a> eller l\u00e6s seneste relateret og interessant for b\u00f8rn. Emballagen skal holdes sikker og intakt eg Levitra m\u00e5 ikke tages i kombination med grapefrugtjuice.<\/p>\n<\/div>\n<\/div>\n<div class=\"col-sm-4\">\n<div class=\"gallery-list\">\n\t<a href=\"http:\/\/blog.moramcnt.com\/wp-content\/uploads\/2018\/08\/money03.gif\"><img loading=\"lazy\" decoding=\"async\" src=\"http:\/\/blog.moramcnt.com\/wp-content\/uploads\/2018\/08\/money03.gif\" alt=\"\" width=\"600\" height=\"450\" class=\"alignnone size-full wp-image-1808\" \/><\/a>\n\t\t\t\t\t<\/div>\n<\/p><\/div>\n<\/p><\/div>\n<h5>\uc815\uc720\ucc28\ub7c9<\/h5>\n<div class=\"row\">\n<div class=\"col-sm-4\">\n<div class=\"gallery-list\">\n<p>\t<a href=\"http:\/\/blog.moramcnt.com\/wp-content\/uploads\/2018\/08\/oil01.gif\"><img loading=\"lazy\" decoding=\"async\" src=\"http:\/\/blog.moramcnt.com\/wp-content\/uploads\/2018\/08\/oil01.gif\" alt=\"\" width=\"600\" height=\"450\" class=\"alignnone size-full wp-image-1817\" \/><\/a><\/p><\/div>\n<\/p><\/div>\n<div class=\"col-sm-4\">\n<div class=\"gallery-list\">\n\t<a href=\"http:\/\/blog.moramcnt.com\/wp-content\/uploads\/2018\/08\/oil02.gif\"><img loading=\"lazy\" decoding=\"async\" src=\"http:\/\/blog.moramcnt.com\/wp-content\/uploads\/2018\/08\/oil02.gif\" alt=\"\" width=\"300\" height=\"225\" class=\"alignnone size-medium wp-image-1818\" \/><\/a>\n\t\t\t\t\t<\/div>\n<\/p><\/div>\n<div class=\"col-sm-4\">\n<div class=\"gallery-list\">\n\t<a href=\"http:\/\/blog.moramcnt.com\/wp-content\/uploads\/2018\/08\/oil03.gif\"><img loading=\"lazy\" decoding=\"async\" src=\"http:\/\/blog.moramcnt.com\/wp-content\/uploads\/2018\/08\/oil03.gif\" alt=\"\" width=\"300\" height=\"225\" class=\"alignnone size-medium wp-image-1819\" \/><\/a>\n\t\t\t\t\t<\/div>\n<\/p><\/div>\n<\/p><\/div>\n<h5>\uc2a4\ucfe8\ubc84\uc2a4<\/h5>\n<div class=\"row\">\n<div class=\"col-sm-4\">\n<div class=\"gallery-list\"><a href=\"http:\/\/blog.moramcnt.com\/wp-content\/uploads\/2018\/08\/bus01.gif\"><img loading=\"lazy\" decoding=\"async\" src=\"http:\/\/blog.moramcnt.com\/wp-content\/uploads\/2018\/08\/bus01.gif\" alt=\"\" width=\"600\" height=\"450\" class=\"alignnone size-full wp-image-1814\" \/><\/a><\/p><\/div>\n<\/p><\/div>\n<div class=\"col-sm-4\">\n<div class=\"gallery-list\">\n\t<a href=\"http:\/\/blog.moramcnt.com\/wp-content\/uploads\/2018\/08\/bus02.gif\"><img loading=\"lazy\" decoding=\"async\" src=\"http:\/\/blog.moramcnt.com\/wp-content\/uploads\/2018\/08\/bus02.gif\" alt=\"\" width=\"300\" height=\"225\" class=\"alignnone size-medium wp-image-1815\" \/><\/a><\/p><\/div>\n<\/p><\/div>\n<div class=\"col-sm-4\">\n<div class=\"gallery-list\">\n\t<a href=\"http:\/\/blog.moramcnt.com\/wp-content\/uploads\/2018\/08\/bus03.gif\"><img loading=\"lazy\" decoding=\"async\" src=\"http:\/\/blog.moramcnt.com\/wp-content\/uploads\/2018\/08\/bus03.gif\" alt=\"\" width=\"300\" height=\"225\" class=\"alignnone size-medium wp-image-1816\" \/><\/a>\n\t\t\t\t\t<\/div>\n<\/p><\/div>\n<\/p><\/div>\n<h5>\uc81c\uc124\ucc28<\/h5>\n<div class=\"row\">\n<div class=\"col-sm-4\">\n<div class=\"gallery-list\">\n\t<a href=\"http:\/\/blog.moramcnt.com\/wp-content\/uploads\/2018\/08\/snow01.gif\"><img loading=\"lazy\" decoding=\"async\" src=\"http:\/\/blog.moramcnt.com\/wp-content\/uploads\/2018\/08\/snow01.gif\" alt=\"\" width=\"600\" height=\"450\" class=\"alignnone size-full wp-image-1820\" \/><\/a><\/p><\/div>\n<\/p><\/div>\n<div class=\"col-sm-4\">\n<div class=\"gallery-list\">\n\t<a href=\"http:\/\/blog.moramcnt.com\/wp-content\/uploads\/2018\/08\/snow02.gif\"><img loading=\"lazy\" decoding=\"async\" src=\"http:\/\/blog.moramcnt.com\/wp-content\/uploads\/2018\/08\/snow02.gif\" alt=\"\" width=\"300\" height=\"225\" class=\"alignnone size-medium wp-image-1821\" \/><\/a><\/p><\/div>\n<\/p><\/div>\n<div class=\"col-sm-4\">\n<div class=\"gallery-list\">\n\t<a href=\"http:\/\/blog.moramcnt.com\/wp-content\/uploads\/2018\/08\/snow03.gif\"><img loading=\"lazy\" decoding=\"async\" src=\"http:\/\/blog.moramcnt.com\/wp-content\/uploads\/2018\/08\/snow03.gif\" alt=\"\" width=\"300\" height=\"225\" class=\"alignnone size-medium wp-image-1822\" \/><\/a>\n\t\t\t\t\t<\/div>\n<\/p><\/div>\n<\/p><\/div>\n<h5>\uae30\ud0c0\ucc28\ub7c9<\/h5>\n<div class=\"row\">\n<div class=\"col-sm-4\">\n<div class=\"gallery-list\">\n\t<a href=\"http:\/\/blog.moramcnt.com\/wp-content\/uploads\/2018\/08\/small01.gif\"><img loading=\"lazy\" decoding=\"async\" src=\"http:\/\/blog.moramcnt.com\/wp-content\/uploads\/2018\/08\/small01.gif\" alt=\"\" width=\"600\" height=\"450\" class=\"alignnone size-full wp-image-1823\" \/><\/a><\/p><\/div>\n<\/p><\/div>\n<div class=\"col-sm-4\">\n<div class=\"gallery-list\">\n\t<a href=\"http:\/\/blog.moramcnt.com\/wp-content\/uploads\/2018\/08\/small02.gif\"><img loading=\"lazy\" decoding=\"async\" src=\"http:\/\/blog.moramcnt.com\/wp-content\/uploads\/2018\/08\/small02.gif\" alt=\"\" width=\"300\" height=\"225\" class=\"alignnone size-medium wp-image-1824\" \/><\/a><\/p><\/div>\n<\/p><\/div>\n<div class=\"col-sm-4\">\n<div class=\"gallery-list\">\n\t<a href=\"http:\/\/blog.moramcnt.com\/wp-content\/uploads\/2018\/08\/small03.gif\"><img loading=\"lazy\" decoding=\"async\" src=\"http:\/\/blog.moramcnt.com\/wp-content\/uploads\/2018\/08\/small03.gif\" alt=\"\" width=\"300\" height=\"225\" class=\"alignnone size-medium wp-image-1825\" \/><\/a>\n\t\t\t\t\t<\/div>\n<\/p><\/div>\n<\/p><\/div>\n<\/p><\/div>\n<\/section>\n<\/div>\n","protected":false},"excerpt":{"rendered":"<p>\uc804\uc6a9 \ub2e8\ub9d0\uae30(\ucc28\ub7c9\uc6a9) \ub610\ub294 \uac1c\uc778\uc6a9 \uc2a4\ub9c8\ud2b8\ud3f0\uc744 \uc774\uc6a9\ud558\uc5ec \uc2e4\uc2dc\uac04 \ucc28\ub7c9\uc758 \uc704\uce58\uc640 \uc0c1\ud0dc\uc815\ubcf4\ub97c \uc81c\uacf5\ud569\ub2c8\ub2e4. \uc678\ubd80\uc13c\uc11c(DTG, \uc628\ub3c4\uc13c\uc11c, \uc8fc\uc720\uc13c\uc11c \ub4f1)\ub97c \uc774\uc6a9\ud558\uc5ec \ucc28\ub7c9\uc758 \uc628\ub3c4\uc640 \uc5f0\ub8cc\ub7c9 \uc0c1\ud0dc\ub97c \uc2e4\uc2dc\uac04 \uc801\uc73c\ub85c \uc81c\uacf5\ud569\ub2c8\ub2e4. \uac70\uc810 \uc790\ub3d9 \ucd9c\/\ub3c4\ucc29, \uc704\ubc94\uc9c0\uc5ed \uc9c4\/\ucd9c\uc785, \uc815\ucc28 \ubc0f \uc9c0\uc5f0\ub3c4\ucc29, \uc18d\ub3c4\uc704\ubc18, \uc628\ub3c4\uc774\uc0c1, \uc5f0\ub8cc\ub7c9\uc774\uc0c1\uc2dc \uc2e4\uc2dc\uac04 \uc54c\ub78c \ubc0f \uba54\uc2dc\uc9c0\ub97c \ub2f4\ub2f9\uc790\uc5d0\uac8c \uc804\uc1a1\ud569\ub2c8\ub2e4. \ubcc4\ub3c4 \uad6c\ucd95\uc774 \ud544\uc694 \uc5c6\ub294 ASP \ud615\ud0dc\uc758 \uc11c\ube44\uc2a4\ub97c \uc81c\uacf5\ud569\ub2c8\ub2e4. \uc8fc\uc694 \uc11c\ube44\uc2a4 \ud750\ub984\ub3c4 LBS Ok\ub294 \ub2e4\ub144\uac04\uc758 \uc2dc\uc2a4\ud15c [&hellip;]<\/p>\n","protected":false},"author":1,"featured_media":0,"parent":1782,"menu_order":1,"comment_status":"open","ping_status":"open","template":"","meta":{"_monsterinsights_skip_tracking":false,"_monsterinsights_sitenote_active":false,"_monsterinsights_sitenote_note":"","_monsterinsights_sitenote_category":0,"_uf_show_specific_survey":0,"_uf_disable_surveys":false,"footnotes":""},"class_list":["post-1784","page","type-page","status-publish","hentry"],"_links":{"self":[{"href":"http:\/\/blog.moramcnt.com\/index.php?rest_route=\/wp\/v2\/pages\/1784","targetHints":{"allow":["GET"]}}],"collection":[{"href":"http:\/\/blog.moramcnt.com\/index.php?rest_route=\/wp\/v2\/pages"}],"about":[{"href":"http:\/\/blog.moramcnt.com\/index.php?rest_route=\/wp\/v2\/types\/page"}],"author":[{"embeddable":true,"href":"http:\/\/blog.moramcnt.com\/index.php?rest_route=\/wp\/v2\/users\/1"}],"replies":[{"embeddable":true,"href":"http:\/\/blog.moramcnt.com\/index.php?rest_route=%2Fwp%2Fv2%2Fcomments&post=1784"}],"version-history":[{"count":17,"href":"http:\/\/blog.moramcnt.com\/index.php?rest_route=\/wp\/v2\/pages\/1784\/revisions"}],"predecessor-version":[{"id":2216,"href":"http:\/\/blog.moramcnt.com\/index.php?rest_route=\/wp\/v2\/pages\/1784\/revisions\/2216"}],"up":[{"embeddable":true,"href":"http:\/\/blog.moramcnt.com\/index.php?rest_route=\/wp\/v2\/pages\/1782"}],"wp:attachment":[{"href":"http:\/\/blog.moramcnt.com\/index.php?rest_route=%2Fwp%2Fv2%2Fmedia&parent=1784"}],"curies":[{"name":"wp","href":"https:\/\/api.w.org\/{rel}","templated":true}]}}