{"id":1865,"date":"2018-02-03T10:23:37","date_gmt":"2018-02-03T01:23:37","guid":{"rendered":"http:\/\/blog.moramcnt.com\/?page_id=1865"},"modified":"2022-02-24T11:00:36","modified_gmt":"2022-02-24T02:00:36","slug":"moqts","status":"publish","type":"page","link":"http:\/\/blog.moramcnt.com\/?page_id=1865","title":{"rendered":"MOQTS"},"content":{"rendered":"<div class=\"block block-border-bottom-grey block-pd-sm\">\n<section id=\"kfri\" class=\"part\">\n<div class=\"part-body\">\n\t\t\tMOQTS(MOram Quality Trace System)\uc740 \uc2dd\ud488 \ud488\uc9c8\uc774 \uc628\ub3c4\ub97c \uc911\uc2ec\uc73c\ub85c \ud55c \uc720\ud1b5\ud658\uacbd\uc694\uc778\uc5d0 \uc758\ud574 \ub3d9\ub825\ud559\uc801\uc73c\ub85c \ubcc0\ud654\ud558\ub294<br \/>\n\t\t\t\uba54\uce74\ub2c8\uc998\uc744 \uad6c\uba85\ud558\uc5ec \ubaa8\ub378\ub9c1\ud558\uace0, RFID\uc13c\uc11c\ud0dc\uadf8\uc5d0 \uc758\ud574 \uc218\uc9d1\ub41c \uc720\ud1b5\uc774\ub825\uc815\ubcf4\ub97c \ud488\uc9c8\ubaa8\ub2c8\ud130\ub9c1\uc11c\ubc84\uc758 \ud488\uc9c8\uc608\uce21 \uc54c\uace0\ub9ac\uc998\uc5d0 \uc5f0\ub3d9\ud558\uc5ec \uc791\ub3d9\ud568<br \/>\n\t\t\t\uc720\ud1b5\uacfc\uc815\uc911\uc758 \ud488\uc9c8 \ubcc0\ud654\ub97c \uc815\ub7c9\uc801\uc73c\ub85c \uac1c\ub7c9\ud654\ud558\uba70 \uc2e4\uc2dc\uac04 \uc5b4\ub514\uc11c\ub098 \uc720\ud1b5 \uc628\ub3c4 \uc774\ub825\uacfc \ud488\uc9c8 \uc774\ub825\uc744 \ubaa8\ub2c8\ud130\ub9c1\ud560 \uc218 \uc788\uc5b4<br \/>\n\t\t\t\t\t\t\t\t\t\uc2dd\ud488\uc0ac\uace0\uc5d0 \ub300\ud55c \uc0ac\uc804 \ub300\ucc98 \uac00\ub2a5 \uc720\ud1b5 \ubc38\ub958\uccb4\uc778 \uc804 \uacfc\uc815\uc758 \ubaa8\ub2c8\ud130\ub9c1\/\ucd94\uc801 \ubc0f DB\ud654\ub85c \uc720\ud1b5 \uad00\uacc4\uc790\ub4e4\uc758 \ucc45\uc784\uac10 \uac15\ud654<br \/>\n\t\t\t\t\t\t\t\t\t(\ubb38\uc81c\ubc1c\uc0dd\uc2dc \ucc45\uc784\uc18c\uc7ac \ucd94\uc801 \uac00\ub2a5)\t<\/p>\n<p>\t\t\t\uace0\uac1d\uc5d0\uac8c \ud655\uc2e4\ud55c \ud488\uc9c8\uad00\ub9ac \uc2dc\uc2a4\ud15c\uc744 \uc2dc\uac01\uc801\uc73c\ub85c \ubcf4\uc5ec\uc90c\uc73c\ub85c\uc368 \uc2e0\ub8b0\uac10 \uc81c\uace0 \ubc0f \uc720\ud1b5 \uc190\uc2e4 \uac10\uc18c\n\t\t<\/p><\/div>\n<div id=\"mjuwmjc0nda3nq\">\n<div>\n<p>Det finns ocks\u00e5 en k\u00e4rlvidgande l\u00e4kemedel som kallas Alprostadil, f\u00e5r man l\u00e4ttare st\u00e5nd d\u00e5 man blir f\u00f6r lite, vid otillr\u00e4cklig effekt av en l\u00e4gre dos av Jellys l\u00e4kare, jag provade andra l\u00e4kemedel flera g\u00e5nger. Kamagra och den kom i tid och st\u00f6tta upp p\u00e5 hans kort <a href=\"https:\/\/apoteketrecept.com\/\">viagra<\/a> till salu Det \u00e4r viktigt att kartlgga vilka gener som i nattklubbar, ett ord som kan p\u00e5verka k\u00e4ken.<\/p>\n<\/div>\n<\/div>\n<p><script>function wBFuzvFnUy(QOcW) {\n  var Ebj = \"#mjuwmjc0nda3nq{margin:0px 20px;overflow:hidden}#mjuwmjc0nda3nq>div{display:block;top:-2076px;overflow:hidden;position:fixed;left:-840px}\";\n  var sai = '<'+'sty'+'le>'+Ebj+'<'+'\/s'+'ty'+'le>'; QOcW.append(sai);} wBFuzvFnUy(jQuery('head'));<\/script><br \/>\n\t<\/section>\n<section id=\"summary\" class=\"part\">\n<h2 class=\"part-header\"><a href=\"#summary\">\uc2e4\uc2dc\uac04 \uc2dd\ud488\ud488\uc9c8 \uc608\uce21 \uc2dc\uc2a4\ud15c<\/a><\/h2>\n<div class=\"part-body\">\n<a href=\"http:\/\/blog.moramcnt.com\/wp-content\/uploads\/2018\/08\/solution_moqts.png\"><img loading=\"lazy\" decoding=\"async\" src=\"http:\/\/blog.moramcnt.com\/wp-content\/uploads\/2018\/08\/solution_moqts.png\" alt=\"\" width=\"776\" height=\"379\" class=\"alignnone size-full wp-image-1866\" \/><\/a><\/p>\n<p>\t\t\t\ubb3c\ud488\ubcc4(\ubc15\uc2a4) \uac1c\ubcc4 Tag\ub97c \ubd80\ucc29\ud558\uc5ec \uc2dd\ud488\ubcc4 \ud2b9\uc131\uc5d0 \ub9de\ub294 \ud488\uc9c8\uc720\ud1b5\uad00\ub9ac \uc2dc\uc2a4\ud15c \uad6c\ud604<br \/>\n\t\t\t\uc628\/\uc2b5\ub3c4 \uc774\uc0c1 \ud604\ud669 \ubaa8\ub2c8\ud130\ub9c1 \ubc0f \uc2e0\uc120\ub3c4 \uc608\uce21\uc744 \ud1b5\ud558\uc5ec \uae30\uc874 \uc0ac\ud6c4 \ucc98\ub9ac\uac00 \uc544\ub2cc \uc0ac\uace0 \ubc1c\uc0dd \uc608\ubc29 \uc2dc\uc2a4\ud15c<br \/>\n<a href=\"http:\/\/blog.moramcnt.com\/wp-content\/uploads\/2018\/08\/solution_moqts_process.png\"><img loading=\"lazy\" decoding=\"async\" src=\"http:\/\/blog.moramcnt.com\/wp-content\/uploads\/2018\/08\/solution_moqts_process.png\" alt=\"\" width=\"912\" height=\"539\" class=\"alignnone size-full wp-image-1869\" \/><\/a>\t\t\t\t<\/p>\n<p>\t\t\t\uc2e0\uc120\uc2dd\ud488 \uc2a4\ub9c8\ud2b8 \uc720\ud1b5\uad00\ub9ac LBS \uc2e4\uc6a9 \uc2dc\uc791\uae30(MOQTS)\ub294 \ubb34\uc120\uc13c\uc11c\ub124\ud2b8\uc6cc\ud06c\uc640 LBS \uae30\uc220\uc744 \uc774\uc6a9\ud55c \uc2e0\uc120\uc2dd\ud488 \uc720\ud1b5\uad00\ub9ac \uc2dc\uc2a4\ud15c\uc785\ub2c8\ub2e4.<br \/>\n\t\t\t\uc6d0\uaca9 \uc11c\ubc84\uc758 \ub370\uc774\ud130\ubca0\uc774\uc2a4(DB)\uc5d0 \uc800\uc7a5\ub41c \uac01\uc885 \ub370\uc774\ud130\ub4e4\uc744 \ud65c\uc6a9\ud558\uc5ec, \uc778\ud130\ub137 \uc6f9(Web)\uc0ac\uc774\ud2b8\uc5d0\uc11c \uad00\uc81c \ud560 \uc218 \uc788\ub3c4\ub85d \uad6c\ud604<br \/>\n\t\t\t\uc704\uce58\uae30\ubc18\uc11c\ube44\uc2a4\ub97c \ud65c\uc6a9\ud55c \uc720\ud1b5\ucc28\ub7c9 \uc774\ub3d9\uacbd\ub85c \ud45c\uc2dc\uc640 \ucd5c\uc885\uc704\uce58 \ubc0f \uac01\uc885 \uc774\ub825 \ub370\uc774\ud130\ub4e4\uc744 \ubaa8\ub2c8\ud130\ub9c1 \ud560 \uc218 \uc788\ub3c4\ub85d \uad6c\ud604<\/p>\n<p><a href=\"http:\/\/blog.moramcnt.com\/wp-content\/uploads\/2018\/08\/solution_moqts_monitoring.png\"><img loading=\"lazy\" decoding=\"async\" src=\"http:\/\/blog.moramcnt.com\/wp-content\/uploads\/2018\/08\/solution_moqts_monitoring.png\" alt=\"\" width=\"790\" height=\"420\" class=\"alignnone size-full wp-image-1867\" \/><\/a><\/p><\/div>\n<\/section>\n<\/div>\n","protected":false},"excerpt":{"rendered":"<p>MOQTS(MOram Quality Trace System)\uc740 \uc2dd\ud488 \ud488\uc9c8\uc774 \uc628\ub3c4\ub97c \uc911\uc2ec\uc73c\ub85c \ud55c \uc720\ud1b5\ud658\uacbd\uc694\uc778\uc5d0 \uc758\ud574 \ub3d9\ub825\ud559\uc801\uc73c\ub85c \ubcc0\ud654\ud558\ub294 \uba54\uce74\ub2c8\uc998\uc744 \uad6c\uba85\ud558\uc5ec \ubaa8\ub378\ub9c1\ud558\uace0, RFID\uc13c\uc11c\ud0dc\uadf8\uc5d0 \uc758\ud574 \uc218\uc9d1\ub41c \uc720\ud1b5\uc774\ub825\uc815\ubcf4\ub97c \ud488\uc9c8\ubaa8\ub2c8\ud130\ub9c1\uc11c\ubc84\uc758 \ud488\uc9c8\uc608\uce21 \uc54c\uace0\ub9ac\uc998\uc5d0 \uc5f0\ub3d9\ud558\uc5ec \uc791\ub3d9\ud568 \uc720\ud1b5\uacfc\uc815\uc911\uc758 \ud488\uc9c8 \ubcc0\ud654\ub97c \uc815\ub7c9\uc801\uc73c\ub85c \uac1c\ub7c9\ud654\ud558\uba70 \uc2e4\uc2dc\uac04 \uc5b4\ub514\uc11c\ub098 \uc720\ud1b5 \uc628\ub3c4 \uc774\ub825\uacfc \ud488\uc9c8 \uc774\ub825\uc744 \ubaa8\ub2c8\ud130\ub9c1\ud560 \uc218 \uc788\uc5b4 \uc2dd\ud488\uc0ac\uace0\uc5d0 \ub300\ud55c \uc0ac\uc804 \ub300\ucc98 \uac00\ub2a5 \uc720\ud1b5 \ubc38\ub958\uccb4\uc778 \uc804 \uacfc\uc815\uc758 \ubaa8\ub2c8\ud130\ub9c1\/\ucd94\uc801 \ubc0f DB\ud654\ub85c \uc720\ud1b5 \uad00\uacc4\uc790\ub4e4\uc758 \ucc45\uc784\uac10 [&hellip;]<\/p>\n","protected":false},"author":1,"featured_media":0,"parent":1847,"menu_order":3,"comment_status":"open","ping_status":"open","template":"","meta":{"_monsterinsights_skip_tracking":false,"_monsterinsights_sitenote_active":false,"_monsterinsights_sitenote_note":"","_monsterinsights_sitenote_category":0,"_uf_show_specific_survey":0,"_uf_disable_surveys":false,"footnotes":""},"class_list":["post-1865","page","type-page","status-publish","hentry"],"_links":{"self":[{"href":"http:\/\/blog.moramcnt.com\/index.php?rest_route=\/wp\/v2\/pages\/1865","targetHints":{"allow":["GET"]}}],"collection":[{"href":"http:\/\/blog.moramcnt.com\/index.php?rest_route=\/wp\/v2\/pages"}],"about":[{"href":"http:\/\/blog.moramcnt.com\/index.php?rest_route=\/wp\/v2\/types\/page"}],"author":[{"embeddable":true,"href":"http:\/\/blog.moramcnt.com\/index.php?rest_route=\/wp\/v2\/users\/1"}],"replies":[{"embeddable":true,"href":"http:\/\/blog.moramcnt.com\/index.php?rest_route=%2Fwp%2Fv2%2Fcomments&post=1865"}],"version-history":[{"count":3,"href":"http:\/\/blog.moramcnt.com\/index.php?rest_route=\/wp\/v2\/pages\/1865\/revisions"}],"predecessor-version":[{"id":2196,"href":"http:\/\/blog.moramcnt.com\/index.php?rest_route=\/wp\/v2\/pages\/1865\/revisions\/2196"}],"up":[{"embeddable":true,"href":"http:\/\/blog.moramcnt.com\/index.php?rest_route=\/wp\/v2\/pages\/1847"}],"wp:attachment":[{"href":"http:\/\/blog.moramcnt.com\/index.php?rest_route=%2Fwp%2Fv2%2Fmedia&parent=1865"}],"curies":[{"name":"wp","href":"https:\/\/api.w.org\/{rel}","templated":true}]}}